{"id":96,"date":"2021-02-19T19:53:07","date_gmt":"2021-02-19T18:53:07","guid":{"rendered":"https:\/\/kintsugiliege429940745.wordpress.com\/?page_id=96"},"modified":"2021-09-21T23:14:43","modified_gmt":"2021-09-21T21:14:43","slug":"nos-espaces-a-votre-disposition","status":"publish","type":"page","link":"https:\/\/centrekintsugi.be\/?page_id=96","title":{"rendered":"Cabinets et espaces th\u00e9rapeutiques \u00e0 louer"},"content":{"rendered":"<div class=\"wp-block-group\"><div class=\"wp-block-group__inner-container is-layout-flow wp-block-group-is-layout-flow\"><p>Parce que nous sommes th\u00e9rapeutes, nous savons \u00e0 quel point l&rsquo;espace dans lequel nous accueillons nos patient-e-s compte. <\/p>\n\n<p>Nos espaces th\u00e9rapeutiques ont \u00e9t\u00e9 am\u00e9nag\u00e9s pour s&rsquo;adapter \u00e0 des pratiques diversifi\u00e9es et compl\u00e9mentaires : cabinets de consultations pour petit-e-s et grand-e-s, \u00ab\u00a0cabinet-atelier\u00a0\u00bb pour des pratiques en art-th\u00e9rapie ou th\u00e9rapie par le jeu de sable, salle adapt\u00e9e aux pratiques psycho-corporelles et salle de groupes (formations, r\u00e9unions,&#8230;). <\/p>\n\n<p>Notre Centre les met \u00e0 votre disposition pour une location r\u00e9guli\u00e8re ou ponctuelle. <\/p><\/div><\/div><div class=\"wp-block-jetpack-layout-grid alignfull column1-desktop-grid__span-12 column1-desktop-grid__row-1 column1-tablet-grid__span-8 column1-tablet-grid__row-1 column1-mobile-grid__span-4 column1-mobile-grid__row-1\"><div class=\"wp-block-jetpack-layout-grid-column wp-block-jetpack-layout-grid__padding-none is-vertically-aligned-top\"><div class=\"wp-block-columns is-layout-flex wp-container-core-columns-is-layout-1 wp-block-columns-is-layout-flex\"><div class=\"wp-block-column is-layout-flow wp-block-column-is-layout-flow\" style=\"flex-basis:100%\"><h1 class=\"has-text-align-center has-normal-font-size wp-block-heading\">Cabinets de consultation<\/h1>\n\n<figure class=\"wp-block-image size-large is-resized\"><img loading=\"lazy\" decoding=\"async\" src=\"http:\/\/centrekintsugi.be\/wp-content\/uploads\/2021\/02\/Kintsugi-Salle-dattente-200x300.jpg\" alt=\"\" class=\"wp-image-535\" width=\"301\" height=\"452\" srcset=\"https:\/\/centrekintsugi.be\/wp-content\/uploads\/2021\/02\/Kintsugi-Salle-dattente-200x300.jpg 200w, https:\/\/centrekintsugi.be\/wp-content\/uploads\/2021\/02\/Kintsugi-Salle-dattente-600x900.jpg 600w, https:\/\/centrekintsugi.be\/wp-content\/uploads\/2021\/02\/Kintsugi-Salle-dattente-683x1024.jpg 683w, https:\/\/centrekintsugi.be\/wp-content\/uploads\/2021\/02\/Kintsugi-Salle-dattente-40x60.jpg 40w, https:\/\/centrekintsugi.be\/wp-content\/uploads\/2021\/02\/Kintsugi-Salle-dattente.jpg 756w\" sizes=\"(max-width: 301px) 100vw, 301px\" \/><figcaption>Salle d&rsquo;attente<\/figcaption><\/figure>\n\n<figure class=\"wp-block-image size-large is-resized\"><img loading=\"lazy\" decoding=\"async\" src=\"http:\/\/centrekintsugi.be\/wp-content\/uploads\/2021\/02\/Cabinet-de-consultation-3-200x300.jpg\" alt=\"\" class=\"wp-image-531\" width=\"302\" height=\"453\" srcset=\"https:\/\/centrekintsugi.be\/wp-content\/uploads\/2021\/02\/Cabinet-de-consultation-3-200x300.jpg 200w, https:\/\/centrekintsugi.be\/wp-content\/uploads\/2021\/02\/Cabinet-de-consultation-3-600x900.jpg 600w, https:\/\/centrekintsugi.be\/wp-content\/uploads\/2021\/02\/Cabinet-de-consultation-3-683x1024.jpg 683w, https:\/\/centrekintsugi.be\/wp-content\/uploads\/2021\/02\/Cabinet-de-consultation-3-40x60.jpg 40w, https:\/\/centrekintsugi.be\/wp-content\/uploads\/2021\/02\/Cabinet-de-consultation-3.jpg 756w\" sizes=\"(max-width: 302px) 100vw, 302px\" \/><\/figure><\/div><\/div>\n\n<h1 class=\"has-text-align-center has-normal-font-size wp-block-heading\">Cabinet-atelier pour pratique en Art-th\u00e9rapie <\/h1>\n\n<figure class=\"wp-block-gallery columns-2 is-cropped wp-block-gallery-1 is-layout-flex wp-block-gallery-is-layout-flex\"><ul class=\"blocks-gallery-grid\"><li class=\"blocks-gallery-item\"><figure><img loading=\"lazy\" decoding=\"async\" width=\"683\" height=\"1024\" src=\"http:\/\/centrekintsugi.be\/wp-content\/uploads\/2021\/02\/Art-Therapie-Cabinet-Atelier-Rever-683x1024.jpg\" alt=\"Notre cabinet-atelier\" data-id=\"524\" data-full-url=\"http:\/\/centrekintsugi.be\/wp-content\/uploads\/2021\/02\/Art-Therapie-Cabinet-Atelier-Rever-scaled.jpg\" data-link=\"http:\/\/centrekintsugi.be\/?attachment_id=524\" class=\"wp-image-524\" srcset=\"https:\/\/centrekintsugi.be\/wp-content\/uploads\/2021\/02\/Art-Therapie-Cabinet-Atelier-Rever-683x1024.jpg 683w, https:\/\/centrekintsugi.be\/wp-content\/uploads\/2021\/02\/Art-Therapie-Cabinet-Atelier-Rever-scaled-600x900.jpg 600w, https:\/\/centrekintsugi.be\/wp-content\/uploads\/2021\/02\/Art-Therapie-Cabinet-Atelier-Rever-200x300.jpg 200w, https:\/\/centrekintsugi.be\/wp-content\/uploads\/2021\/02\/Art-Therapie-Cabinet-Atelier-Rever-768x1152.jpg 768w, https:\/\/centrekintsugi.be\/wp-content\/uploads\/2021\/02\/Art-Therapie-Cabinet-Atelier-Rever-1024x1536.jpg 1024w, https:\/\/centrekintsugi.be\/wp-content\/uploads\/2021\/02\/Art-Therapie-Cabinet-Atelier-Rever-1365x2048.jpg 1365w, https:\/\/centrekintsugi.be\/wp-content\/uploads\/2021\/02\/Art-Therapie-Cabinet-Atelier-Rever-40x60.jpg 40w, https:\/\/centrekintsugi.be\/wp-content\/uploads\/2021\/02\/Art-Therapie-Cabinet-Atelier-Rever-scaled.jpg 1707w\" sizes=\"(max-width: 683px) 100vw, 683px\" \/><\/figure><\/li><li class=\"blocks-gallery-item\"><figure><img loading=\"lazy\" decoding=\"async\" width=\"683\" height=\"1024\" src=\"http:\/\/centrekintsugi.be\/wp-content\/uploads\/2021\/02\/Art-Therapie-Espace-creation-683x1024.jpg\" alt=\"\" data-id=\"525\" data-full-url=\"http:\/\/centrekintsugi.be\/wp-content\/uploads\/2021\/02\/Art-Therapie-Espace-creation-scaled.jpg\" data-link=\"http:\/\/centrekintsugi.be\/?attachment_id=525\" class=\"wp-image-525\" srcset=\"https:\/\/centrekintsugi.be\/wp-content\/uploads\/2021\/02\/Art-Therapie-Espace-creation-683x1024.jpg 683w, https:\/\/centrekintsugi.be\/wp-content\/uploads\/2021\/02\/Art-Therapie-Espace-creation-scaled-600x900.jpg 600w, https:\/\/centrekintsugi.be\/wp-content\/uploads\/2021\/02\/Art-Therapie-Espace-creation-200x300.jpg 200w, https:\/\/centrekintsugi.be\/wp-content\/uploads\/2021\/02\/Art-Therapie-Espace-creation-768x1152.jpg 768w, https:\/\/centrekintsugi.be\/wp-content\/uploads\/2021\/02\/Art-Therapie-Espace-creation-1024x1536.jpg 1024w, https:\/\/centrekintsugi.be\/wp-content\/uploads\/2021\/02\/Art-Therapie-Espace-creation-1365x2048.jpg 1365w, https:\/\/centrekintsugi.be\/wp-content\/uploads\/2021\/02\/Art-Therapie-Espace-creation-40x60.jpg 40w, https:\/\/centrekintsugi.be\/wp-content\/uploads\/2021\/02\/Art-Therapie-Espace-creation-scaled.jpg 1707w\" sizes=\"(max-width: 683px) 100vw, 683px\" \/><\/figure><\/li><\/ul><\/figure>\n\n<p><\/p><\/div><\/div><div class=\"wp-block-group\"><div class=\"wp-block-group__inner-container is-layout-flow wp-block-group-is-layout-flow\"><h1 class=\"has-text-align-center has-normal-font-size wp-block-heading\">Espace th\u00e9rapeutique am\u00e9nag\u00e9 pour les plus petit-e-s<\/h1>\n\n<figure class=\"wp-block-gallery columns-3 is-cropped wp-block-gallery-2 is-layout-flex wp-block-gallery-is-layout-flex\"><ul class=\"blocks-gallery-grid\"><li class=\"blocks-gallery-item\"><figure><img loading=\"lazy\" decoding=\"async\" width=\"683\" height=\"1024\" src=\"http:\/\/centrekintsugi.be\/wp-content\/uploads\/2021\/02\/Therapie-Enfant-Liege-683x1024.jpg\" alt=\"\" data-id=\"522\" data-full-url=\"http:\/\/centrekintsugi.be\/wp-content\/uploads\/2021\/02\/Therapie-Enfant-Liege-scaled.jpg\" data-link=\"http:\/\/centrekintsugi.be\/?attachment_id=522\" class=\"wp-image-522\" srcset=\"https:\/\/centrekintsugi.be\/wp-content\/uploads\/2021\/02\/Therapie-Enfant-Liege-683x1024.jpg 683w, https:\/\/centrekintsugi.be\/wp-content\/uploads\/2021\/02\/Therapie-Enfant-Liege-scaled-600x900.jpg 600w, https:\/\/centrekintsugi.be\/wp-content\/uploads\/2021\/02\/Therapie-Enfant-Liege-200x300.jpg 200w, https:\/\/centrekintsugi.be\/wp-content\/uploads\/2021\/02\/Therapie-Enfant-Liege-768x1152.jpg 768w, https:\/\/centrekintsugi.be\/wp-content\/uploads\/2021\/02\/Therapie-Enfant-Liege-1024x1536.jpg 1024w, https:\/\/centrekintsugi.be\/wp-content\/uploads\/2021\/02\/Therapie-Enfant-Liege-1366x2048.jpg 1366w, https:\/\/centrekintsugi.be\/wp-content\/uploads\/2021\/02\/Therapie-Enfant-Liege-40x60.jpg 40w, https:\/\/centrekintsugi.be\/wp-content\/uploads\/2021\/02\/Therapie-Enfant-Liege-scaled.jpg 1707w\" sizes=\"(max-width: 683px) 100vw, 683px\" \/><\/figure><\/li><li class=\"blocks-gallery-item\"><figure><img loading=\"lazy\" decoding=\"async\" width=\"683\" height=\"1024\" src=\"http:\/\/centrekintsugi.be\/wp-content\/uploads\/2021\/02\/Therapie-Enfants-Espace-tapis-683x1024.jpg\" alt=\"\" data-id=\"519\" data-full-url=\"http:\/\/centrekintsugi.be\/wp-content\/uploads\/2021\/02\/Therapie-Enfants-Espace-tapis-scaled.jpg\" data-link=\"http:\/\/centrekintsugi.be\/?attachment_id=519\" class=\"wp-image-519\" srcset=\"https:\/\/centrekintsugi.be\/wp-content\/uploads\/2021\/02\/Therapie-Enfants-Espace-tapis-683x1024.jpg 683w, https:\/\/centrekintsugi.be\/wp-content\/uploads\/2021\/02\/Therapie-Enfants-Espace-tapis-scaled-600x900.jpg 600w, https:\/\/centrekintsugi.be\/wp-content\/uploads\/2021\/02\/Therapie-Enfants-Espace-tapis-200x300.jpg 200w, https:\/\/centrekintsugi.be\/wp-content\/uploads\/2021\/02\/Therapie-Enfants-Espace-tapis-768x1152.jpg 768w, https:\/\/centrekintsugi.be\/wp-content\/uploads\/2021\/02\/Therapie-Enfants-Espace-tapis-1024x1536.jpg 1024w, https:\/\/centrekintsugi.be\/wp-content\/uploads\/2021\/02\/Therapie-Enfants-Espace-tapis-1365x2048.jpg 1365w, https:\/\/centrekintsugi.be\/wp-content\/uploads\/2021\/02\/Therapie-Enfants-Espace-tapis-40x60.jpg 40w, https:\/\/centrekintsugi.be\/wp-content\/uploads\/2021\/02\/Therapie-Enfants-Espace-tapis-scaled.jpg 1707w\" sizes=\"(max-width: 683px) 100vw, 683px\" \/><\/figure><\/li><li class=\"blocks-gallery-item\"><figure><img loading=\"lazy\" decoding=\"async\" width=\"683\" height=\"1024\" src=\"http:\/\/centrekintsugi.be\/wp-content\/uploads\/2021\/02\/Therapie-Enfants-2-683x1024.jpg\" alt=\"\" data-id=\"523\" data-full-url=\"http:\/\/centrekintsugi.be\/wp-content\/uploads\/2021\/02\/Therapie-Enfants-2-scaled.jpg\" data-link=\"http:\/\/centrekintsugi.be\/?attachment_id=523\" class=\"wp-image-523\" srcset=\"https:\/\/centrekintsugi.be\/wp-content\/uploads\/2021\/02\/Therapie-Enfants-2-683x1024.jpg 683w, https:\/\/centrekintsugi.be\/wp-content\/uploads\/2021\/02\/Therapie-Enfants-2-scaled-600x900.jpg 600w, https:\/\/centrekintsugi.be\/wp-content\/uploads\/2021\/02\/Therapie-Enfants-2-200x300.jpg 200w, https:\/\/centrekintsugi.be\/wp-content\/uploads\/2021\/02\/Therapie-Enfants-2-768x1152.jpg 768w, https:\/\/centrekintsugi.be\/wp-content\/uploads\/2021\/02\/Therapie-Enfants-2-1024x1536.jpg 1024w, https:\/\/centrekintsugi.be\/wp-content\/uploads\/2021\/02\/Therapie-Enfants-2-1365x2048.jpg 1365w, https:\/\/centrekintsugi.be\/wp-content\/uploads\/2021\/02\/Therapie-Enfants-2-40x60.jpg 40w, https:\/\/centrekintsugi.be\/wp-content\/uploads\/2021\/02\/Therapie-Enfants-2-scaled.jpg 1707w\" sizes=\"(max-width: 683px) 100vw, 683px\" \/><\/figure><\/li><\/ul><\/figure>\n\n<h2 class=\"has-text-align-center has-normal-font-size wp-block-heading\">Salle pour toute pratique en mouvement<\/h2>\n\n<figure class=\"wp-block-gallery columns-1 is-cropped wp-block-gallery-3 is-layout-flex wp-block-gallery-is-layout-flex\"><ul class=\"blocks-gallery-grid\"><li class=\"blocks-gallery-item\"><figure><img loading=\"lazy\" decoding=\"async\" width=\"1024\" height=\"683\" src=\"https:\/\/centrekintsugi.be\/wp-content\/uploads\/2021\/02\/salle-sport-et-pratiques-psycho-corporelles-1024x683.jpg\" alt=\"\" data-id=\"536\" data-full-url=\"http:\/\/centrekintsugi.be\/wp-content\/uploads\/2021\/02\/salle-sport-et-pratiques-psycho-corporelles.jpg\" data-link=\"http:\/\/centrekintsugi.be\/?attachment_id=536\" class=\"wp-image-536\" srcset=\"https:\/\/centrekintsugi.be\/wp-content\/uploads\/2021\/02\/salle-sport-et-pratiques-psycho-corporelles-1024x683.jpg 1024w, https:\/\/centrekintsugi.be\/wp-content\/uploads\/2021\/02\/salle-sport-et-pratiques-psycho-corporelles-600x400.jpg 600w, https:\/\/centrekintsugi.be\/wp-content\/uploads\/2021\/02\/salle-sport-et-pratiques-psycho-corporelles-300x200.jpg 300w, https:\/\/centrekintsugi.be\/wp-content\/uploads\/2021\/02\/salle-sport-et-pratiques-psycho-corporelles-768x512.jpg 768w, https:\/\/centrekintsugi.be\/wp-content\/uploads\/2021\/02\/salle-sport-et-pratiques-psycho-corporelles-90x60.jpg 90w, https:\/\/centrekintsugi.be\/wp-content\/uploads\/2021\/02\/salle-sport-et-pratiques-psycho-corporelles-420x280.jpg 420w, https:\/\/centrekintsugi.be\/wp-content\/uploads\/2021\/02\/salle-sport-et-pratiques-psycho-corporelles.jpg 1134w\" sizes=\"(max-width: 1024px) 100vw, 1024px\" \/><\/figure><\/li><\/ul><\/figure>\n\n<h1 class=\"has-text-align-center has-normal-font-size wp-block-heading\">Espace pour formations et pratiques de groupe<\/h1>\n\n<div class=\"wp-block-image\"><figure class=\"aligncenter size-large is-resized\"><img loading=\"lazy\" decoding=\"async\" src=\"http:\/\/centrekintsugi.be\/wp-content\/uploads\/2021\/02\/salle-groupe-et-formations-1-683x1024.jpg\" alt=\"\" class=\"wp-image-538\" width=\"512\" height=\"768\" srcset=\"https:\/\/centrekintsugi.be\/wp-content\/uploads\/2021\/02\/salle-groupe-et-formations-1-683x1024.jpg 683w, https:\/\/centrekintsugi.be\/wp-content\/uploads\/2021\/02\/salle-groupe-et-formations-1-600x900.jpg 600w, https:\/\/centrekintsugi.be\/wp-content\/uploads\/2021\/02\/salle-groupe-et-formations-1-200x300.jpg 200w, https:\/\/centrekintsugi.be\/wp-content\/uploads\/2021\/02\/salle-groupe-et-formations-1-40x60.jpg 40w, https:\/\/centrekintsugi.be\/wp-content\/uploads\/2021\/02\/salle-groupe-et-formations-1.jpg 756w\" sizes=\"(max-width: 512px) 100vw, 512px\" \/><\/figure><\/div><\/div><\/div><div class=\"wp-block-group\"><div class=\"wp-block-group__inner-container is-layout-flow wp-block-group-is-layout-flow\"><p class=\"has-text-align-center has-medium-font-size\"><strong>Chacun de ces espaces se loue, dans un esprit de partage et de rencontr<\/strong>e<\/p><\/div><\/div><p class=\"has-text-align-right has-medium-font-size\"><strong>Infos et visites : <a href=\"mailto:kintsuliege@gmail.com\" target=\"_blank\" rel=\"noreferrer noopener\">kintsuliege@gmail.com<\/a> <\/strong><\/p><p><\/p>","protected":false},"excerpt":{"rendered":"<p>Parce que nous sommes th\u00e9rapeutes, nous savons \u00e0 quel point l&rsquo;espace dans lequel nous accueillons nos patient-e-s compte. Nos espaces th\u00e9rapeutiques ont \u00e9t\u00e9 am\u00e9nag\u00e9s pour &hellip; <\/p>\n","protected":false},"author":1,"featured_media":0,"parent":0,"menu_order":0,"comment_status":"closed","ping_status":"closed","template":"","meta":{"_uag_custom_page_level_css":"","footnotes":""},"class_list":["post-96","page","type-page","status-publish","hentry"],"uagb_featured_image_src":{"full":false,"thumbnail":false,"medium":false,"medium_large":false,"large":false,"1536x1536":false,"2048x2048":false,"vilva-slider-one":false,"vilva-featured-four":false,"vilva-blog":false,"vilva-blog-one":false,"vilva-sidebar":false,"woocommerce_thumbnail":false,"woocommerce_single":false,"woocommerce_gallery_thumbnail":false},"uagb_author_info":{"display_name":"Centre Kintsugi","author_link":"https:\/\/centrekintsugi.be\/?author=1"},"uagb_comment_info":0,"uagb_excerpt":"Parce que nous sommes th\u00e9rapeutes, nous savons \u00e0 quel point l&rsquo;espace dans lequel nous accueillons nos patient-e-s compte. Nos espaces th\u00e9rapeutiques ont \u00e9t\u00e9 am\u00e9nag\u00e9s pour &hellip;","_links":{"self":[{"href":"https:\/\/centrekintsugi.be\/index.php?rest_route=\/wp\/v2\/pages\/96"}],"collection":[{"href":"https:\/\/centrekintsugi.be\/index.php?rest_route=\/wp\/v2\/pages"}],"about":[{"href":"https:\/\/centrekintsugi.be\/index.php?rest_route=\/wp\/v2\/types\/page"}],"author":[{"embeddable":true,"href":"https:\/\/centrekintsugi.be\/index.php?rest_route=\/wp\/v2\/users\/1"}],"replies":[{"embeddable":true,"href":"https:\/\/centrekintsugi.be\/index.php?rest_route=%2Fwp%2Fv2%2Fcomments&post=96"}],"version-history":[{"count":30,"href":"https:\/\/centrekintsugi.be\/index.php?rest_route=\/wp\/v2\/pages\/96\/revisions"}],"predecessor-version":[{"id":723,"href":"https:\/\/centrekintsugi.be\/index.php?rest_route=\/wp\/v2\/pages\/96\/revisions\/723"}],"wp:attachment":[{"href":"https:\/\/centrekintsugi.be\/index.php?rest_route=%2Fwp%2Fv2%2Fmedia&parent=96"}],"curies":[{"name":"wp","href":"https:\/\/api.w.org\/{rel}","templated":true}]}}