{"id":35,"date":"2020-12-19T10:10:48","date_gmt":"2020-12-19T09:10:48","guid":{"rendered":"https:\/\/kintsugiliege429940745.wordpress.com\/?page_id=21"},"modified":"2025-07-11T19:26:45","modified_gmt":"2025-07-11T17:26:45","slug":"contacts","status":"publish","type":"page","link":"https:\/\/centrekintsugi.be\/","title":{"rendered":""},"content":{"rendered":"<h1 class=\"wp-block-heading\">\u00ab\u00a0Centre Kintsugi\u00a0\u00bb : pourquoi ce nom ?<\/h1><p class=\"has-text-align-center has-medium-font-size\"><em>L&rsquo;art du Kintsugi en quelques mots <\/em><\/p><p class=\"has-text-align-center\" style=\"font-size:18px\">Apparu au Japon au XVe si\u00e8cle, le Kintsugi est cet art qui consiste \u00e0 r\u00e9parer les c\u00e9ramiques, porcelaines et fa\u00efences bris\u00e9es en les embellissant. <\/p><p class=\"has-text-align-center\" style=\"font-size:18px\">Par son art du \u00ab\u00a0raccommodage\u00a0\u00bb \u00e0 l&rsquo;or (<em>\u00ab\u00a0Kin\u00a0\u00bb<\/em>), la philosophie du Kintsugi&nbsp;met en valeur l\u2019objet qui trouve sa nouvelle forme dans la mise en valeur de ses marques et cicatrices renforc\u00e9es et soulign\u00e9es par ses jointures (<em>\u00ab\u00a0Tsugi\u00a0\u00bb<\/em>) en or, d\u00e9licatement appliqu\u00e9es. <\/p><p class=\"has-text-align-center\" style=\"font-size:18px\">La philosophie cach\u00e9e derri\u00e8re cet artisanat est de s\u2019affranchir d&rsquo;un id\u00e9al de perfection pour, au contraire, <strong>valoriser la singularit\u00e9 et la beaut\u00e9 qui \u00e9mergent \u00e0 travers le temps qui passe et se nourrissent des \u00e9preuves de l\u2019existence.<\/strong> Le cycle de la vie est ici une \u0153uvre unique et remarquable, qui s&rsquo;honore et s&rsquo;enrichit de cette usure naturelle et des blessures immanquables qui r\u00e9v\u00e8lent&nbsp;<strong>notre identit\u00e9 singuli\u00e8re et complexe. <\/strong>L&rsquo;objet ainsi \u00ab\u00a0soign\u00e9\u00a0\u00bb se r\u00e9v\u00e8le non seulement <strong>plus beau mais aussi plus fort <\/strong>gr\u00e2ce \u00e0 ce processus de r\u00e9paration et de transformation. <\/p><p class=\"has-text-align-center has-medium-font-size\"><em>Centre Th\u00e9rapeutique Kintsugi<\/em><\/p><p style=\"font-size:18px\">Si notre centre th\u00e9rapeutique s&rsquo;appelle <em>Centre Kintsugi <\/em>c&rsquo;est pour dire quelque chose de notre regard qui consiste \u00e0 voir dans les moments de crise, de rupture, dans les traumas, dans les p\u00e9riodes d&rsquo;\u00e9puisement ou de burn-out, l&rsquo;occasion d&rsquo;une transformation et d&rsquo;une pr\u00e9cieuse r\u00e9silience. <\/p><p style=\"font-size:18px\">Situ\u00e9 \u00e0 Li\u00e8ge, dans la bien nomm\u00e9e rue de Joie, notre Centre r\u00e9unit des th\u00e9rapeutes et praticien-n-es qui partagent cette conception. <\/p><h1 class=\"wp-block-heading\" style=\"font-size:18px\"><strong>Enfants, ados, adultes. Seul-e-s, en couple ou en famille, vous trouverez \u00e0 <em>Kintsugi<\/em> l&rsquo;aide que vous cherchez : psychologues et psychoth\u00e9rapeutes, p\u00e9dopsychiatres, masso-th\u00e9rapeutes, art-th\u00e9rapeutes, coaches scolaires, \u2026<\/strong> <\/h1><figure class=\"wp-block-image size-large is-resized is-style-default\"><img loading=\"lazy\" decoding=\"async\" width=\"756\" height=\"756\" src=\"https:\/\/centrekintsugi.be\/wp-content\/uploads\/2021\/02\/cabinet-1-edited.jpg\" alt=\"\" class=\"wp-image-356\" style=\"width:838px;height:838px\" srcset=\"https:\/\/centrekintsugi.be\/wp-content\/uploads\/2021\/02\/cabinet-1-edited.jpg 756w, https:\/\/centrekintsugi.be\/wp-content\/uploads\/2021\/02\/cabinet-1-edited-300x300.jpg 300w, https:\/\/centrekintsugi.be\/wp-content\/uploads\/2021\/02\/cabinet-1-edited-100x100.jpg 100w, https:\/\/centrekintsugi.be\/wp-content\/uploads\/2021\/02\/cabinet-1-edited-600x600.jpg 600w, https:\/\/centrekintsugi.be\/wp-content\/uploads\/2021\/02\/cabinet-1-edited-150x150.jpg 150w\" sizes=\"(max-width: 756px) 100vw, 756px\" \/><figcaption class=\"wp-element-caption\">Notre Centre est l\u00e0 pour vous. <\/figcaption><\/figure><p style=\"font-size:18px\">Avec respect et attention, notre \u00e9quipe de th\u00e9rapeutes et praticien-ne-s est l\u00e0 pour vous accompagner :<a href=\"https:\/\/centrekintsugi.be\/?page_id=193\" data-type=\"URL\" data-id=\"https:\/\/centrekintsugi.be\/?page_id=193\"> plus d&rsquo;infos ici<\/a> <\/p><figure class=\"wp-block-image size-large is-resized\"><img loading=\"lazy\" decoding=\"async\" width=\"1024\" height=\"301\" src=\"http:\/\/centrekintsugi.be\/wp-content\/uploads\/2021\/01\/citation-accueil-kintsugi.jpg?w=750\" alt=\"\" class=\"wp-image-154\" style=\"width:841px;height:247px\" srcset=\"https:\/\/centrekintsugi.be\/wp-content\/uploads\/2021\/01\/citation-accueil-kintsugi.jpg 1024w, https:\/\/centrekintsugi.be\/wp-content\/uploads\/2021\/01\/citation-accueil-kintsugi-600x176.jpg 600w, https:\/\/centrekintsugi.be\/wp-content\/uploads\/2021\/01\/citation-accueil-kintsugi-300x88.jpg 300w, https:\/\/centrekintsugi.be\/wp-content\/uploads\/2021\/01\/citation-accueil-kintsugi-768x226.jpg 768w\" sizes=\"(max-width: 1024px) 100vw, 1024px\" \/><\/figure><p class=\"has-medium-font-size\"><strong>Abonnez-vous pour rester au courant de nos activit\u00e9s <\/strong><\/p><script>(function() {\n\twindow.mc4wp = window.mc4wp || {\n\t\tlisteners: [],\n\t\tforms: {\n\t\t\ton: function(evt, cb) {\n\t\t\t\twindow.mc4wp.listeners.push(\n\t\t\t\t\t{\n\t\t\t\t\t\tevent   : evt,\n\t\t\t\t\t\tcallback: cb\n\t\t\t\t\t}\n\t\t\t\t);\n\t\t\t}\n\t\t}\n\t}\n})();\n<\/script><!-- Mailchimp for WordPress v4.9.15 - https:\/\/wordpress.org\/plugins\/mailchimp-for-wp\/ --><form id=\"mc4wp-form-1\" class=\"mc4wp-form mc4wp-form-602\" method=\"post\" data-id=\"602\" data-name=\"Contacts Centre Kintsugi\" ><div class=\"mc4wp-form-fields\"><p>\r\n\t<label>Adresse de courrier \u00e9lectronique: \r\n\t\t<input type=\"email\" name=\"EMAIL\" placeholder=\"Votre adresse de courrier \u00e9lectronique\" required \/>\r\n<\/label>\r\n<\/p>\r\n\r\n<p>\r\n\t<input type=\"submit\" value=\"Abonnez-vous\" \/>\r\n<\/p><\/div><label style=\"display: none !important;\">Laissez ce champ vide si vous \u00eates humain\u00a0: <input type=\"text\" name=\"_mc4wp_honeypot\" value=\"\" tabindex=\"-1\" autocomplete=\"off\" \/><\/label><input type=\"hidden\" name=\"_mc4wp_timestamp\" value=\"1776686162\" \/><input type=\"hidden\" name=\"_mc4wp_form_id\" value=\"602\" \/><input type=\"hidden\" name=\"_mc4wp_form_element_id\" value=\"mc4wp-form-1\" \/><div class=\"mc4wp-response\"><\/div><\/form><!-- \/ Mailchimp for WordPress Plugin --><p><\/p>","protected":false},"excerpt":{"rendered":"<p>\u00ab\u00a0Centre Kintsugi\u00a0\u00bb : pourquoi ce nom ? L&rsquo;art du Kintsugi en quelques mots Apparu au Japon au XVe si\u00e8cle, le Kintsugi est cet art qui &hellip; <\/p>\n","protected":false},"author":1,"featured_media":0,"parent":0,"menu_order":0,"comment_status":"closed","ping_status":"closed","template":"","meta":{"_uag_custom_page_level_css":"","footnotes":""},"class_list":["post-35","page","type-page","status-publish","hentry"],"uagb_featured_image_src":{"full":false,"thumbnail":false,"medium":false,"medium_large":false,"large":false,"1536x1536":false,"2048x2048":false,"vilva-slider-one":false,"vilva-featured-four":false,"vilva-blog":false,"vilva-blog-one":false,"vilva-sidebar":false,"woocommerce_thumbnail":false,"woocommerce_single":false,"woocommerce_gallery_thumbnail":false},"uagb_author_info":{"display_name":"Centre Kintsugi","author_link":"https:\/\/centrekintsugi.be\/?author=1"},"uagb_comment_info":0,"uagb_excerpt":"\u00ab\u00a0Centre Kintsugi\u00a0\u00bb : pourquoi ce nom ? L&rsquo;art du Kintsugi en quelques mots Apparu au Japon au XVe si\u00e8cle, le Kintsugi est cet art qui &hellip;","_links":{"self":[{"href":"https:\/\/centrekintsugi.be\/index.php?rest_route=\/wp\/v2\/pages\/35"}],"collection":[{"href":"https:\/\/centrekintsugi.be\/index.php?rest_route=\/wp\/v2\/pages"}],"about":[{"href":"https:\/\/centrekintsugi.be\/index.php?rest_route=\/wp\/v2\/types\/page"}],"author":[{"embeddable":true,"href":"https:\/\/centrekintsugi.be\/index.php?rest_route=\/wp\/v2\/users\/1"}],"replies":[{"embeddable":true,"href":"https:\/\/centrekintsugi.be\/index.php?rest_route=%2Fwp%2Fv2%2Fcomments&post=35"}],"version-history":[{"count":29,"href":"https:\/\/centrekintsugi.be\/index.php?rest_route=\/wp\/v2\/pages\/35\/revisions"}],"predecessor-version":[{"id":996,"href":"https:\/\/centrekintsugi.be\/index.php?rest_route=\/wp\/v2\/pages\/35\/revisions\/996"}],"wp:attachment":[{"href":"https:\/\/centrekintsugi.be\/index.php?rest_route=%2Fwp%2Fv2%2Fmedia&parent=35"}],"curies":[{"name":"wp","href":"https:\/\/api.w.org\/{rel}","templated":true}]}}