{"id":192,"date":"2021-01-07T12:02:03","date_gmt":"2021-01-07T11:02:03","guid":{"rendered":"https:\/\/kintsugiliege429940745.wordpress.com\/?page_id=192"},"modified":"2025-10-30T10:14:31","modified_gmt":"2025-10-30T09:14:31","slug":"les-fondateurs","status":"publish","type":"page","link":"https:\/\/centrekintsugi.be\/?page_id=192","title":{"rendered":"Les Th\u00e9rapeutes \u00e0 l&rsquo;origine de Kintsugi"},"content":{"rendered":"<div class=\"wp-block-jetpack-layout-grid alignfull column1-desktop-grid__span-6 column1-desktop-grid__row-1 column2-desktop-grid__span-6 column2-desktop-grid__start-7 column2-desktop-grid__row-1 column1-tablet-grid__span-4 column1-tablet-grid__row-1 column2-tablet-grid__span-4 column2-tablet-grid__start-5 column2-tablet-grid__row-1 column1-mobile-grid__span-4 column1-mobile-grid__row-1 column2-mobile-grid__span-4 column2-mobile-grid__row-2\"><div class=\"wp-block-jetpack-layout-grid-column wp-block-jetpack-layout-grid__padding-none is-vertically-aligned-top\"><div style=\"height:100px\" aria-hidden=\"true\" class=\"wp-block-spacer\"><\/div>\n\n<p><\/p>\n\n<p><\/p>\n\n<p><strong>Samira Bourhaba<\/strong><\/p>\n\n<p class=\"margin-top-half\">Co-fondatrice du Centre, elle est mobilis\u00e9e par l&rsquo;envie farouche d&rsquo;en faire un lieu de partage, de soutien et de collaborations fructueuses pour les praticiens comme pour leurs b\u00e9n\u00e9ficiaires. <\/p>\n\n<p class=\"margin-top-half\">Psychologue, elle exerce depuis plus de 20 ann\u00e9es aux c\u00f4t\u00e9s d&rsquo;enfants et d&rsquo;adultes en leur proposant un travail th\u00e9rapeutique nourrit par la conviction que nous sommes tous plus que notre pass\u00e9.<\/p>\n\n<div class=\"wp-block-columns is-layout-flex wp-container-core-columns-is-layout-1 wp-block-columns-is-layout-flex\"><div class=\"wp-block-column is-layout-flow wp-block-column-is-layout-flow\" style=\"flex-basis:100%\"><p class=\"has-text-color\" style=\"color:#3d5f75\"><span style=\"color:#bfaa53;\" class=\"has-inline-color\">Sa pratique de c\u00e9ramiste a aussi trouv\u00e9 \u00e0 Kintsugi un lieu pour se lib\u00e9rer.<\/span><\/p>\n\n<p class=\"has-text-color\" style=\"color:#3d5f75\">\u00ab\u00a0Sentimentables\u00a0\u00bb<\/p><\/div><\/div><\/div>\n\n<div class=\"wp-block-jetpack-layout-grid-column wp-block-jetpack-layout-grid__padding-none is-vertically-aligned-center\"><p><strong>Marino Carnevale<\/strong><\/p>\n\n<p class=\"has-text-align-left margin-top-half\">Co-fondateur de Kintsugi, il met au service du projet sa volont\u00e9 d&rsquo;en faire un lieu d&rsquo;\u00e9mulation et de d\u00e9cloisonnement. Psychologue aux ressources multiples, il accompagne ses patient-e-s en cherchant avant tout \u00e0 les remettre au centre de leurs besoins et de leur changement, comme acteurs et actrices de leur vie.<\/p>\n\n<p><\/p><\/div><\/div><div class=\"wp-block-jetpack-contact-info\">\n\n<\/div><p><\/p>","protected":false},"excerpt":{"rendered":"<p>Samira Bourhaba Co-fondatrice du Centre, elle est mobilis\u00e9e par l&rsquo;envie farouche d&rsquo;en faire un lieu de partage, de soutien et de collaborations fructueuses pour les &hellip; <\/p>\n","protected":false},"author":1,"featured_media":0,"parent":0,"menu_order":0,"comment_status":"closed","ping_status":"closed","template":"","meta":{"_uag_custom_page_level_css":"","footnotes":""},"class_list":["post-192","page","type-page","status-publish","hentry"],"uagb_featured_image_src":{"full":false,"thumbnail":false,"medium":false,"medium_large":false,"large":false,"1536x1536":false,"2048x2048":false,"vilva-slider-one":false,"vilva-featured-four":false,"vilva-blog":false,"vilva-blog-one":false,"vilva-sidebar":false,"woocommerce_thumbnail":false,"woocommerce_single":false,"woocommerce_gallery_thumbnail":false},"uagb_author_info":{"display_name":"Centre Kintsugi","author_link":"https:\/\/centrekintsugi.be\/?author=1"},"uagb_comment_info":0,"uagb_excerpt":"Samira Bourhaba Co-fondatrice du Centre, elle est mobilis\u00e9e par l&rsquo;envie farouche d&rsquo;en faire un lieu de partage, de soutien et de collaborations fructueuses pour les &hellip;","_links":{"self":[{"href":"https:\/\/centrekintsugi.be\/index.php?rest_route=\/wp\/v2\/pages\/192"}],"collection":[{"href":"https:\/\/centrekintsugi.be\/index.php?rest_route=\/wp\/v2\/pages"}],"about":[{"href":"https:\/\/centrekintsugi.be\/index.php?rest_route=\/wp\/v2\/types\/page"}],"author":[{"embeddable":true,"href":"https:\/\/centrekintsugi.be\/index.php?rest_route=\/wp\/v2\/users\/1"}],"replies":[{"embeddable":true,"href":"https:\/\/centrekintsugi.be\/index.php?rest_route=%2Fwp%2Fv2%2Fcomments&post=192"}],"version-history":[{"count":11,"href":"https:\/\/centrekintsugi.be\/index.php?rest_route=\/wp\/v2\/pages\/192\/revisions"}],"predecessor-version":[{"id":1029,"href":"https:\/\/centrekintsugi.be\/index.php?rest_route=\/wp\/v2\/pages\/192\/revisions\/1029"}],"wp:attachment":[{"href":"https:\/\/centrekintsugi.be\/index.php?rest_route=%2Fwp%2Fv2%2Fmedia&parent=192"}],"curies":[{"name":"wp","href":"https:\/\/api.w.org\/{rel}","templated":true}]}}